{"id":1081,"date":"2024-05-04T19:21:35","date_gmt":"2024-05-04T19:21:35","guid":{"rendered":"https:\/\/redererossi.com.br\/office\/"},"modified":"2024-07-24T17:22:44","modified_gmt":"2024-07-24T17:22:44","slug":"office","status":"publish","type":"page","link":"https:\/\/redererossi.com.br\/en\/office\/","title":{"rendered":"Office"},"content":{"rendered":"\t\t<div data-elementor-type=\"wp-page\" data-elementor-id=\"1081\" class=\"elementor elementor-1081\" data-elementor-post-type=\"page\">\n\t\t\t\t<div class=\"elementor-element elementor-element-c9bfc4c e-flex e-con-boxed e-con e-parent\" data-id=\"c9bfc4c\" data-element_type=\"container\" data-settings=\"{&quot;background_background&quot;:&quot;classic&quot;}\">\n\t\t\t\t\t<div class=\"e-con-inner\">\n\t\t\t\t<div class=\"elementor-element elementor-element-a309bcf elementor-invisible elementor-widget elementor-widget-heading\" data-id=\"a309bcf\" data-element_type=\"widget\" data-settings=\"{&quot;_animation&quot;:&quot;fadeIn&quot;}\" data-widget_type=\"heading.default\">\n\t\t\t\t<div class=\"elementor-widget-container\">\n\t\t\t\t\t<h2 class=\"elementor-heading-title elementor-size-default\">OUR OFFICE\n\n\n\n\n\n\n<\/h2>\t\t\t\t<\/div>\n\t\t\t\t<\/div>\n\t\t\t\t<div class=\"elementor-element elementor-element-14cf674 elementor-widget-divider--view-line elementor-invisible elementor-widget elementor-widget-divider\" data-id=\"14cf674\" data-element_type=\"widget\" data-settings=\"{&quot;_animation&quot;:&quot;fadeIn&quot;,&quot;_animation_mobile&quot;:&quot;fadeIn&quot;}\" data-widget_type=\"divider.default\">\n\t\t\t\t<div class=\"elementor-widget-container\">\n\t\t\t\t\t\t\t<div class=\"elementor-divider\">\n\t\t\t<span class=\"elementor-divider-separator\">\n\t\t\t\t\t\t<\/span>\n\t\t<\/div>\n\t\t\t\t\t\t<\/div>\n\t\t\t\t<\/div>\n\t\t\t\t<div class=\"elementor-element elementor-element-7e2ede6 elementor-invisible elementor-widget elementor-widget-heading\" data-id=\"7e2ede6\" data-element_type=\"widget\" data-settings=\"{&quot;_animation&quot;:&quot;zoomIn&quot;}\" data-widget_type=\"heading.default\">\n\t\t\t\t<div class=\"elementor-widget-container\">\n\t\t\t\t\t<h2 class=\"elementor-heading-title elementor-size-default\">Who We Are and How We Operate\n\n\n\n\n\n\n<\/h2>\t\t\t\t<\/div>\n\t\t\t\t<\/div>\n\t\t\t\t\t<\/div>\n\t\t\t\t<\/div>\n\t\t<div class=\"elementor-element elementor-element-f92b659 e-flex e-con-boxed e-con e-parent\" data-id=\"f92b659\" data-element_type=\"container\" data-settings=\"{&quot;background_background&quot;:&quot;classic&quot;}\">\n\t\t\t\t\t<div class=\"e-con-inner\">\n\t\t<div class=\"elementor-element elementor-element-0e3ea4c e-con-full e-flex e-con e-child\" data-id=\"0e3ea4c\" data-element_type=\"container\" data-settings=\"{&quot;background_background&quot;:&quot;classic&quot;}\">\n\t\t\t\t<div class=\"elementor-element elementor-element-e25db22 elementor-hidden-tablet elementor-hidden-mobile elementor-invisible elementor-widget elementor-widget-image\" data-id=\"e25db22\" data-element_type=\"widget\" data-settings=\"{&quot;_animation&quot;:&quot;fadeInLeft&quot;}\" data-widget_type=\"image.default\">\n\t\t\t\t<div class=\"elementor-widget-container\">\n\t\t\t\t\t\t\t\t\t\t\t\t\t\t\t<img fetchpriority=\"high\" decoding=\"async\" width=\"600\" height=\"800\" src=\"https:\/\/redererossi.com.br\/wp-content\/uploads\/2024\/05\/Design-sem-nome-35.jpg\" class=\"attachment-full size-full wp-image-439\" alt=\"\" srcset=\"https:\/\/redererossi.com.br\/wp-content\/uploads\/2024\/05\/Design-sem-nome-35.jpg 600w, https:\/\/redererossi.com.br\/wp-content\/uploads\/2024\/05\/Design-sem-nome-35-225x300.jpg 225w\" sizes=\"(max-width: 600px) 100vw, 600px\" \/>\t\t\t\t\t\t\t\t\t\t\t\t\t\t\t<\/div>\n\t\t\t\t<\/div>\n\t\t\t\t<\/div>\n\t\t<div class=\"elementor-element elementor-element-816bd2d e-con-full e-flex elementor-invisible e-con e-child\" data-id=\"816bd2d\" data-element_type=\"container\" data-settings=\"{&quot;animation&quot;:&quot;fadeInRight&quot;}\">\n\t\t\t\t<div class=\"elementor-element elementor-element-f4e9832 elementor-widget elementor-widget-heading\" data-id=\"f4e9832\" data-element_type=\"widget\" data-widget_type=\"heading.default\">\n\t\t\t\t<div class=\"elementor-widget-container\">\n\t\t\t\t\t<h2 class=\"elementor-heading-title elementor-size-default\">About Us:<\/h2>\t\t\t\t<\/div>\n\t\t\t\t<\/div>\n\t\t\t\t<div class=\"elementor-element elementor-element-da6c395 elementor-widget-divider--view-line elementor-widget elementor-widget-divider\" data-id=\"da6c395\" data-element_type=\"widget\" data-widget_type=\"divider.default\">\n\t\t\t\t<div class=\"elementor-widget-container\">\n\t\t\t\t\t\t\t<div class=\"elementor-divider\">\n\t\t\t<span class=\"elementor-divider-separator\">\n\t\t\t\t\t\t<\/span>\n\t\t<\/div>\n\t\t\t\t\t\t<\/div>\n\t\t\t\t<\/div>\n\t\t\t\t<div class=\"elementor-element elementor-element-a5a62b1 elementor-widget elementor-widget-text-editor\" data-id=\"a5a62b1\" data-element_type=\"widget\" data-widget_type=\"text-editor.default\">\n\t\t\t\t<div class=\"elementor-widget-container\">\n\t\t\t\t\t\t\t\t\t<p>Our office prides itself on its expertise, agility, and innovation. With specialization across various areas of law tailored to meet business demands, we are equipped to provide creative solutions to address our clients&#8217; specific needs, ensuring security in their activities.<\/p><p>Multidisciplinarity is a hallmark of our practice, allowing us to grasp the complexity of legal issues and respond with efficiency and innovation. We value personalized and customized service, positioning us uniquely in the market and reinforcing our commitment to excellence in advocacy.<\/p>\t\t\t\t\t\t\t\t<\/div>\n\t\t\t\t<\/div>\n\t\t\t\t<\/div>\n\t\t\t\t\t<\/div>\n\t\t\t\t<\/div>\n\t\t<div class=\"elementor-element elementor-element-83bebab e-flex e-con-boxed e-con e-parent\" data-id=\"83bebab\" data-element_type=\"container\" data-settings=\"{&quot;background_background&quot;:&quot;classic&quot;}\">\n\t\t\t\t\t<div class=\"e-con-inner\">\n\t\t\t\t\t<\/div>\n\t\t\t\t<\/div>\n\t\t<div class=\"elementor-element elementor-element-91a692e e-flex e-con-boxed e-con e-parent\" data-id=\"91a692e\" data-element_type=\"container\">\n\t\t\t\t\t<div class=\"e-con-inner\">\n\t\t<div class=\"elementor-element elementor-element-10daea8 e-con-full e-flex e-con e-child\" data-id=\"10daea8\" data-element_type=\"container\" data-settings=\"{&quot;background_background&quot;:&quot;classic&quot;}\">\n\t\t\t\t<div class=\"elementor-element elementor-element-dacb269 elementor-widget elementor-widget-heading\" data-id=\"dacb269\" data-element_type=\"widget\" data-widget_type=\"heading.default\">\n\t\t\t\t<div class=\"elementor-widget-container\">\n\t\t\t\t\t<h2 class=\"elementor-heading-title elementor-size-default\">Our Philosophy\n\n<\/h2>\t\t\t\t<\/div>\n\t\t\t\t<\/div>\n\t\t\t\t<div class=\"elementor-element elementor-element-401f720 elementor-widget-divider--view-line elementor-widget elementor-widget-divider\" data-id=\"401f720\" data-element_type=\"widget\" data-widget_type=\"divider.default\">\n\t\t\t\t<div class=\"elementor-widget-container\">\n\t\t\t\t\t\t\t<div class=\"elementor-divider\">\n\t\t\t<span class=\"elementor-divider-separator\">\n\t\t\t\t\t\t<\/span>\n\t\t<\/div>\n\t\t\t\t\t\t<\/div>\n\t\t\t\t<\/div>\n\t\t\t\t<div class=\"elementor-element elementor-element-9d3aee6 elementor-widget elementor-widget-text-editor\" data-id=\"9d3aee6\" data-element_type=\"widget\" data-widget_type=\"text-editor.default\">\n\t\t\t\t<div class=\"elementor-widget-container\">\n\t\t\t\t\t\t\t\t\t<p class=\"cvGsUA direction-ltr align-start para-style-body\">At Reder &amp; Rossi, our philosophy is to provide legal solutions guided by ethics and transparency, always focusing on achieving effective results and building relationships of mutual trust with our clients. We believe that honest and clear legal practice is essential to protect our clients&#8217; interests and promote justice.<\/p>\t\t\t\t\t\t\t\t<\/div>\n\t\t\t\t<\/div>\n\t\t\t\t<\/div>\n\t\t\t\t\t<\/div>\n\t\t\t\t<\/div>\n\t\t<div class=\"elementor-element elementor-element-f0d8c65 e-flex e-con-boxed e-con e-parent\" data-id=\"f0d8c65\" data-element_type=\"container\">\n\t\t\t\t\t<div class=\"e-con-inner\">\n\t\t\t\t<div class=\"elementor-element elementor-element-22b0b93 elementor-widget elementor-widget-heading\" data-id=\"22b0b93\" data-element_type=\"widget\" data-widget_type=\"heading.default\">\n\t\t\t\t<div class=\"elementor-widget-container\">\n\t\t\t\t\t<h2 class=\"elementor-heading-title elementor-size-default\">Meet the Founding Partners<\/h2>\t\t\t\t<\/div>\n\t\t\t\t<\/div>\n\t\t\t\t<div class=\"elementor-element elementor-element-5286959 elementor-widget-divider--view-line elementor-widget elementor-widget-divider\" data-id=\"5286959\" data-element_type=\"widget\" data-widget_type=\"divider.default\">\n\t\t\t\t<div class=\"elementor-widget-container\">\n\t\t\t\t\t\t\t<div class=\"elementor-divider\">\n\t\t\t<span class=\"elementor-divider-separator\">\n\t\t\t\t\t\t<\/span>\n\t\t<\/div>\n\t\t\t\t\t\t<\/div>\n\t\t\t\t<\/div>\n\t\t\t\t<div class=\"elementor-element elementor-element-8d5d01c elementor-widget elementor-widget-text-editor\" data-id=\"8d5d01c\" data-element_type=\"widget\" data-widget_type=\"text-editor.default\">\n\t\t\t\t<div class=\"elementor-widget-container\">\n\t\t\t\t\t\t\t\t\t<p class=\"cvGsUA direction-ltr align-start para-style-body\">J\u00falia Reder and Mariana Rossi are the visionary minds behind Reder &amp; Rossi law firm. Specialized lawyers in preventive law, they combine legal expertise with an unwavering passion for justice to provide tailor-made solutions that promote the security and development of their clients&#8217; businesses.<\/p>\t\t\t\t\t\t\t\t<\/div>\n\t\t\t\t<\/div>\n\t\t\t\t\t<\/div>\n\t\t\t\t<\/div>\n\t\t<div class=\"elementor-element elementor-element-06a403c e-flex e-con-boxed e-con e-parent\" data-id=\"06a403c\" data-element_type=\"container\" data-settings=\"{&quot;background_background&quot;:&quot;classic&quot;}\">\n\t\t\t\t\t<div class=\"e-con-inner\">\n\t\t<div class=\"elementor-element elementor-element-95f842c e-con-full e-flex e-con e-child\" data-id=\"95f842c\" data-element_type=\"container\" data-settings=\"{&quot;background_background&quot;:&quot;classic&quot;}\">\n\t\t\t\t<div class=\"elementor-element elementor-element-efb73ef elementor-invisible elementor-widget elementor-widget-image\" data-id=\"efb73ef\" data-element_type=\"widget\" data-settings=\"{&quot;_animation&quot;:&quot;fadeInLeft&quot;}\" data-widget_type=\"image.default\">\n\t\t\t\t<div class=\"elementor-widget-container\">\n\t\t\t\t\t\t\t\t\t\t\t\t\t\t\t<img decoding=\"async\" width=\"600\" height=\"800\" src=\"https:\/\/redererossi.com.br\/wp-content\/uploads\/2024\/05\/4.png\" class=\"attachment-full size-full wp-image-461\" alt=\"\" srcset=\"https:\/\/redererossi.com.br\/wp-content\/uploads\/2024\/05\/4.png 600w, https:\/\/redererossi.com.br\/wp-content\/uploads\/2024\/05\/4-225x300.png 225w\" sizes=\"(max-width: 600px) 100vw, 600px\" \/>\t\t\t\t\t\t\t\t\t\t\t\t\t\t\t<\/div>\n\t\t\t\t<\/div>\n\t\t\t\t<\/div>\n\t\t<div class=\"elementor-element elementor-element-f8c77b0 e-con-full e-flex elementor-invisible e-con e-child\" data-id=\"f8c77b0\" data-element_type=\"container\" data-settings=\"{&quot;animation&quot;:&quot;fadeInRight&quot;}\">\n\t\t\t\t<div class=\"elementor-element elementor-element-ef0a73f elementor-widget elementor-widget-heading\" data-id=\"ef0a73f\" data-element_type=\"widget\" data-widget_type=\"heading.default\">\n\t\t\t\t<div class=\"elementor-widget-container\">\n\t\t\t\t\t<h2 class=\"elementor-heading-title elementor-size-default\">J\u00falia Reder<\/h2>\t\t\t\t<\/div>\n\t\t\t\t<\/div>\n\t\t\t\t<div class=\"elementor-element elementor-element-7decc0d elementor-widget-divider--view-line elementor-widget elementor-widget-divider\" data-id=\"7decc0d\" data-element_type=\"widget\" data-widget_type=\"divider.default\">\n\t\t\t\t<div class=\"elementor-widget-container\">\n\t\t\t\t\t\t\t<div class=\"elementor-divider\">\n\t\t\t<span class=\"elementor-divider-separator\">\n\t\t\t\t\t\t<\/span>\n\t\t<\/div>\n\t\t\t\t\t\t<\/div>\n\t\t\t\t<\/div>\n\t\t\t\t<div class=\"elementor-element elementor-element-96a70e0 elementor-widget elementor-widget-text-editor\" data-id=\"96a70e0\" data-element_type=\"widget\" data-widget_type=\"text-editor.default\">\n\t\t\t\t<div class=\"elementor-widget-container\">\n\t\t\t\t\t\t\t\t\t<p class=\"cvGsUA direction-ltr align-start para-style-body\">Graduated from the Federal Fluminense University and specialized in Tax Law, she has extensive experience in business dynamics, primarily focusing on advisory services, drafting corporate, real estate, and international contracts, as well as in labor compliance.<\/p>\t\t\t\t\t\t\t\t<\/div>\n\t\t\t\t<\/div>\n\t\t\t\t<\/div>\n\t\t\t\t\t<\/div>\n\t\t\t\t<\/div>\n\t\t<div class=\"elementor-element elementor-element-73d0daa e-flex e-con-boxed e-con e-parent\" data-id=\"73d0daa\" data-element_type=\"container\" data-settings=\"{&quot;background_background&quot;:&quot;classic&quot;}\">\n\t\t\t\t\t<div class=\"e-con-inner\">\n\t\t<div class=\"elementor-element elementor-element-5796c8e e-con-full e-flex elementor-invisible e-con e-child\" data-id=\"5796c8e\" data-element_type=\"container\" data-settings=\"{&quot;animation&quot;:&quot;fadeInLeft&quot;}\">\n\t\t\t\t<div class=\"elementor-element elementor-element-2d3c52a elementor-widget elementor-widget-heading\" data-id=\"2d3c52a\" data-element_type=\"widget\" data-widget_type=\"heading.default\">\n\t\t\t\t<div class=\"elementor-widget-container\">\n\t\t\t\t\t<h2 class=\"elementor-heading-title elementor-size-default\">Mariana Rossi<\/h2>\t\t\t\t<\/div>\n\t\t\t\t<\/div>\n\t\t\t\t<div class=\"elementor-element elementor-element-3f18a08 elementor-widget-divider--view-line elementor-widget elementor-widget-divider\" data-id=\"3f18a08\" data-element_type=\"widget\" data-widget_type=\"divider.default\">\n\t\t\t\t<div class=\"elementor-widget-container\">\n\t\t\t\t\t\t\t<div class=\"elementor-divider\">\n\t\t\t<span class=\"elementor-divider-separator\">\n\t\t\t\t\t\t<\/span>\n\t\t<\/div>\n\t\t\t\t\t\t<\/div>\n\t\t\t\t<\/div>\n\t\t\t\t<div class=\"elementor-element elementor-element-4166342 elementor-widget elementor-widget-text-editor\" data-id=\"4166342\" data-element_type=\"widget\" data-widget_type=\"text-editor.default\">\n\t\t\t\t<div class=\"elementor-widget-container\">\n\t\t\t\t\t\t\t\t\t<p class=\"cvGsUA direction-ltr align-start para-style-body\">Graduated from the Federal Fluminense University, specialized in Financial and Tax Law from UERJ, she focuses on corporate demands, primarily in tax advisory, oil and gas sector bids, and strategic litigation.<\/p>\t\t\t\t\t\t\t\t<\/div>\n\t\t\t\t<\/div>\n\t\t\t\t<\/div>\n\t\t<div class=\"elementor-element elementor-element-0dd175a e-con-full e-flex e-con e-child\" data-id=\"0dd175a\" data-element_type=\"container\" data-settings=\"{&quot;background_background&quot;:&quot;classic&quot;}\">\n\t\t\t\t<div class=\"elementor-element elementor-element-2a3020a elementor-invisible elementor-widget elementor-widget-image\" data-id=\"2a3020a\" data-element_type=\"widget\" data-settings=\"{&quot;_animation&quot;:&quot;fadeInRight&quot;}\" data-widget_type=\"image.default\">\n\t\t\t\t<div class=\"elementor-widget-container\">\n\t\t\t\t\t\t\t\t\t\t\t\t\t\t\t<img decoding=\"async\" width=\"600\" height=\"800\" src=\"https:\/\/redererossi.com.br\/wp-content\/uploads\/2024\/05\/Design-sem-nome-3.png\" class=\"attachment-full size-full wp-image-629\" alt=\"\" srcset=\"https:\/\/redererossi.com.br\/wp-content\/uploads\/2024\/05\/Design-sem-nome-3.png 600w, https:\/\/redererossi.com.br\/wp-content\/uploads\/2024\/05\/Design-sem-nome-3-225x300.png 225w\" sizes=\"(max-width: 600px) 100vw, 600px\" \/>\t\t\t\t\t\t\t\t\t\t\t\t\t\t\t<\/div>\n\t\t\t\t<\/div>\n\t\t\t\t<\/div>\n\t\t\t\t\t<\/div>\n\t\t\t\t<\/div>\n\t\t\t\t<\/div>\n\t\t","protected":false},"excerpt":{"rendered":"<p>NOSSO ESCRIT\u00d3RIO Quem somos e como atuamos Sobre N\u00f3s: Expertise, agilidade e inova\u00e7\u00e3o s\u00e3o compet\u00eancias essenciais do nosso escrit\u00f3rio. A especializa\u00e7\u00e3o em diferentes \u00e1reas do Direito, voltadas \u00e0s demandas empresariais, nos capacita a fornecer solu\u00e7\u00f5es criativas para atender \u00e0s necessidades espec\u00edficas de nossos clientes, garantindo seguran\u00e7a em suas atividades. A multidisciplinaridade \u00e9 uma caracter\u00edstica marcante [&hellip;]<\/p>\n","protected":false},"author":1,"featured_media":0,"parent":0,"menu_order":0,"comment_status":"closed","ping_status":"closed","template":"","meta":{"_joinchat":[],"footnotes":""},"class_list":["post-1081","page","type-page","status-publish","hentry"],"_links":{"self":[{"href":"https:\/\/redererossi.com.br\/en\/wp-json\/wp\/v2\/pages\/1081","targetHints":{"allow":["GET"]}}],"collection":[{"href":"https:\/\/redererossi.com.br\/en\/wp-json\/wp\/v2\/pages"}],"about":[{"href":"https:\/\/redererossi.com.br\/en\/wp-json\/wp\/v2\/types\/page"}],"author":[{"embeddable":true,"href":"https:\/\/redererossi.com.br\/en\/wp-json\/wp\/v2\/users\/1"}],"replies":[{"embeddable":true,"href":"https:\/\/redererossi.com.br\/en\/wp-json\/wp\/v2\/comments?post=1081"}],"version-history":[{"count":10,"href":"https:\/\/redererossi.com.br\/en\/wp-json\/wp\/v2\/pages\/1081\/revisions"}],"predecessor-version":[{"id":1480,"href":"https:\/\/redererossi.com.br\/en\/wp-json\/wp\/v2\/pages\/1081\/revisions\/1480"}],"wp:attachment":[{"href":"https:\/\/redererossi.com.br\/en\/wp-json\/wp\/v2\/media?parent=1081"}],"curies":[{"name":"wp","href":"https:\/\/api.w.org\/{rel}","templated":true}]}}